{"id":9945,"date":"2026-03-13T02:23:36","date_gmt":"2026-03-13T02:23:36","guid":{"rendered":"https:\/\/global-business-recruiting.de\/wissen\/die-technischen-anforderungen-von-flugzeugtraegern-und-die-komplexe-logistik-dahinter\/"},"modified":"2026-03-29T13:21:01","modified_gmt":"2026-03-29T13:21:01","slug":"materialy-na-zvaranie","status":"publish","type":"page","link":"https:\/\/global-business-recruiting.de\/sk\/wissen\/schweissen-verfahren-werkstoffe\/","title":{"rendered":"\u010co sa d\u00e1 zv\u00e1ra\u0165?"},"content":{"rendered":"<section class=\"l-section wpb_row height_custom\"><div class=\"l-section-h i-cf\"><div class=\"g-cols vc_row via_grid cols_1 laptops-cols_inherit tablets-cols_inherit mobiles-cols_1 valign_top type_default stacking_default\"><div class=\"wpb_column vc_column_container\"><div class=\"vc_column-inner\"><div class=\"wpb_text_column\"><div class=\"wpb_wrapper\"><p>Zv\u00e1ranie u\u017e dlho dokazuje svoj v\u00fdznam. Mno\u017estvo procesov a \u010diastkov\u00fdch procesov dokazuje, \u017ee tento sp\u00f4sob trval\u00e9ho a stabiln\u00e9ho sp\u00e1jania komponentov je \u010doraz d\u00f4le\u017eitej\u0161\u00ed. Preto je d\u00f4le\u017eit\u00e9 v prvom rade pochopi\u0165, \u010do v\u0161etko sa d\u00e1 zv\u00e1ra\u0165: Ktor\u00e9 materi\u00e1ly s\u00fa vhodn\u00e9 a pre ktor\u00e9 materi\u00e1ly sa zv\u00e1ranie neodpor\u00fa\u010da?<\/p>\n<p>Ot\u00e1zka, \u010di je mo\u017en\u00e9 materi\u00e1l zv\u00e1ra\u0165, mus\u00ed vych\u00e1dza\u0165 z r\u00f4znych faktorov. Medzi ne patr\u00ed vhodnos\u0165 na zv\u00e1ranie, bezpe\u010dnos\u0165 zv\u00e1rania a zvarite\u013enos\u0165. Tieto krit\u00e9ri\u00e1 vych\u00e1dzaj\u00fa zo samotn\u00fdch materi\u00e1lov a prostredia. Samotn\u00fd materi\u00e1l mus\u00ed by\u0165 vhodn\u00fd na zv\u00e1ranie. Okrem toho mus\u00ed by\u0165 zv\u00e1racie prostredie bezpe\u010dn\u00e9 - mus\u00ed by\u0165 mo\u017en\u00e9 aplikova\u0165 teplo bez toho, aby vznikli chyby a deform\u00e1cie.<\/p>\n<h2>Ktor\u00fd materi\u00e1l nie je vhodn\u00fd na zv\u00e1ranie<\/h2>\n<p>Niektor\u00e9 \u0161pecifick\u00e9 skupiny materi\u00e1lov mo\u017eno zo zv\u00e1rania vyl\u00fa\u010di\u0165 u\u017e od za\u010diatku. Patria sem v\u0161etky materi\u00e1ly, ktor\u00e9 predstavuj\u00fa nebezpe\u010denstvo po\u017eiaru alebo v\u00fdbuchu. To znamen\u00e1, \u017ee tavn\u00e9 zv\u00e1ranie nie je mo\u017en\u00e9 za \u017eiadnych okolnost\u00ed. Znamen\u00e1 to v\u0161ak aj to, \u017ee v pr\u00edpade tavn\u00e9ho zv\u00e1rania sa tieto materi\u00e1ly nielen\u017ee nem\u00f4\u017eu spracov\u00e1va\u0165 - musia sa tie\u017e odstr\u00e1ni\u0165 z bl\u00edzkosti zv\u00e1rac\u00edch pr\u00e1c.<\/p>\n<p>Takisto nie je mo\u017en\u00e9 zv\u00e1ra\u0165 ni\u010d, \u010do sa pri p\u00f4soben\u00ed tepla sk\u00f4r l\u00e1me ako deformuje. To je hlavn\u00fd d\u00f4vod, pre\u010do je mo\u017en\u00e9 kov zv\u00e1ra\u0165: Sk\u00f4r sa oh\u00fdba ako l\u00e1me. Nov\u00e9 zv\u00e1racie postupy m\u00f4\u017eu by\u0165 pou\u017eit\u00e9 proti l\u00e1maniu - v\u010faka tomu je teraz mo\u017en\u00e9 zv\u00e1ran\u00edm sp\u00e1ja\u0165 aj sklo a plasty. Je v\u0161ak nevyhnutn\u00e9 zabezpe\u010di\u0165, aby bol pr\u00edkon tepla n\u00edzky a predov\u0161etk\u00fdm presne kontrolovan\u00fd.<\/p>\n<h2>Proces zv\u00e1rania<\/h2>\n<p>Zv\u00e1rac\u00ed proces je tie\u017e rozhoduj\u00facim faktorom, \u010di sa materi\u00e1l d\u00e1 zv\u00e1ra\u0165 alebo nie. Dokonca aj v pr\u00edpade kovov, ktor\u00e9 sa zvy\u010dajne daj\u00fa zv\u00e1ra\u0165 v\u0161etky, niekedy z\u00e1vis\u00ed od toho, ak\u00fd zv\u00e1rac\u00ed postup sa zvol\u00ed a \u010di sa daj\u00fa spoji\u0165 alebo nie.<\/p>\n<p>Pokia\u013e ide o nekovov\u00e9 materi\u00e1ly, v\u00fdber dostupn\u00fdch postupov je e\u0161te obmedzenej\u0161\u00ed. Napr\u00edklad sklo sa d\u00e1 sp\u00e1ja\u0165 len pomocou zv\u00e1rania laserov\u00fdm l\u00fa\u010dom. Pre plasty je vhodn\u00e9 len zv\u00e1ranie tren\u00edm a ultrazvukom.<\/p>\n<h2>Vhodnos\u0165 na zv\u00e1ranie<\/h2>\n<p>Vhodnos\u0165 na zv\u00e1ranie sa t\u00fdka v\u0161etk\u00fdch vlastnost\u00ed samotnej tkaniny. Mus\u00ed by\u0165 schopn\u00e1 neoddelite\u013ene sa spoji\u0165 s rovnak\u00fdm alebo podobn\u00fdm materi\u00e1lom so zvolen\u00fdm variantom zv\u00e1rania. V prvom rade to znamen\u00e1, \u017ee zvar sa v\u00f4bec m\u00f4\u017ee vytvori\u0165. Potom nasleduje schopnos\u0165 tento zvar priebe\u017ene vytv\u00e1ra\u0165 a nakoniec mus\u00ed by\u0165 zvar schopn\u00fd odola\u0165 bud\u00facemu nam\u00e1haniu.<\/p>\n<h2>Mo\u017enos\u0165 zv\u00e1rania<\/h2>\n<p>Schopnos\u0165 zv\u00e1rania sa vz\u0165ahuje na zariadenie. To mus\u00ed by\u0165 dostato\u010dn\u00e9 na vykonanie procesu zv\u00e1rania pod\u013ea po\u017eiadaviek na vybranom mieste. To znamen\u00e1, \u017ee pracovisko mus\u00ed by\u0165 spr\u00e1vne nastaven\u00e9 na dan\u00fd proces.<\/p>\n<h2>Bezpe\u010dnos\u0165 zv\u00e1rania<\/h2>\n<p>Bezpe\u010dnos\u0165 zv\u00e1rania opisuje pravdepodobnos\u0165 v\u00fdskytu deform\u00e1ci\u00ed a in\u00fdch ch\u00fdb. T\u00fdka sa to predov\u0161etk\u00fdm vplyvu prostredia na zvolen\u00fd proces zv\u00e1rania.<\/p>\n<h2>Vlastnosti materi\u00e1lu<\/h2>\n<p>Vlastnosti materi\u00e1lu zohr\u00e1vaj\u00fa k\u013e\u00fa\u010dov\u00fa \u00falohu pri ur\u010dovan\u00ed toho, \u010di je zv\u00e1ranie v\u00f4bec mo\u017en\u00e9. Je potrebn\u00e9 zabezpe\u010di\u0165, aby bolo mo\u017en\u00e9 vytvori\u0165 zvarov\u00fd spoj po\u017eadovanej kvality. Okrem toho mus\u00ed by\u0165 tento zvarov\u00fd spoj dosiahnute\u013en\u00fd aj pri ekonomicky od\u00f4vodnen\u00fdch n\u00e1kladoch. To u\u017e vylu\u010duje mno\u017estvo materi\u00e1lov.<\/p>\n<p>Aby sa dosiahli presn\u00e9 v\u00fdsledky, mus\u00ed by\u0165 pr\u00edtomn\u00fd aj ur\u010dit\u00fd stupe\u0148 tv\u00e1rnite\u013enosti za tepla. Zv\u00e1ra\u010di musia pred za\u010dat\u00edm procesu zodpovedaj\u00facim sp\u00f4sobom skontrolova\u0165 vlastnosti materi\u00e1lu.<\/p>\n<p>Ve\u013emi d\u00f4le\u017eit\u00e1 je vysok\u00e1 tvarovate\u013enos\u0165 v teplom stave. E\u0161te d\u00f4le\u017eitej\u0161ie v\u0161ak je, aby si materi\u00e1l po vychladnut\u00ed zachoval svoju p\u00f4vodn\u00fa pevnos\u0165. Okrem toho by v procese tavn\u00e9ho zv\u00e1rania mala by\u0165 teplota tavenia materi\u00e1lov, ak ide o viacero materi\u00e1lov, \u010do najpodobnej\u0161ia. Ak je rozdiel pr\u00edli\u0161 ve\u013ek\u00fd, dosiahnutie po\u017eadovan\u00e9ho v\u00fdsledku je \u0165a\u017e\u0161ie a m\u00f4\u017ee by\u0165 dokonca nemo\u017en\u00e9.<\/p>\n<p>\u010eal\u0161ou d\u00f4le\u017eitou funkciou je<span>\u00a0<\/span><strong>Tepeln\u00e1 vodivos\u0165<\/strong>. Pri tavnom zv\u00e1ran\u00ed sa do materi\u00e1lu priv\u00e1dza teplo, ktor\u00e9 sp\u00f4sob\u00ed jeho roztavenie v ur\u010ditom bode. Vysok\u00e1 tepeln\u00e1 vodivos\u0165 znamen\u00e1, \u017ee materi\u00e1l toto teplo odober\u00e1 - in\u00fdmi slovami, na kompenz\u00e1ciu str\u00e1t je potrebn\u00fd primerane vy\u0161\u0161\u00ed pr\u00edkon tepla. Naopak, ni\u017e\u0161ia tepeln\u00e1 vodivos\u0165 si vy\u017eaduje menej tepla, preto\u017ee to zost\u00e1va na po\u017eadovanom mieste namiesto toho, aby sa okam\u017eite odv\u00e1dzalo. Je v\u0161ak d\u00f4le\u017eit\u00e9 ma\u0165 na pam\u00e4ti, \u017ee sklo, plasty a in\u00e9 materi\u00e1ly s n\u00edzkou tepelnou vodivos\u0165ou maj\u00fa tendenciu praska\u0165 alebo sa l\u00e1ma\u0165.<\/p>\n<p>\u010ealej je tu chemick\u00e1 str\u00e1nka: pri tavnom zv\u00e1ran\u00ed sa materi\u00e1ly zahrievaj\u00fa na teplotu tavenia. Pr\u00edpadne sa p\u00f4sob\u00ed ve\u013ekou silou. Oboje m\u00f4\u017ee vies\u0165 k zmene chemick\u00e9ho zlo\u017eenia materi\u00e1lov v pr\u00edslu\u0161n\u00fdch oblastiach. T\u00e1to zmena m\u00f4\u017ee sp\u00f4sobi\u0165 zhor\u0161enie vlastnost\u00ed materi\u00e1lov, a t\u00fdm vyl\u00fa\u010di\u0165 zv\u00e1ranie ako met\u00f3du sp\u00e1jania.<\/p>\n<p>Ak sa m\u00e1 oce\u013e zv\u00e1ra\u0165, jej vhodnos\u0165 z\u00e1vis\u00ed od obsahu uhl\u00edka. Ak je obsah uhl\u00edka vy\u0161\u0161\u00ed ako 0,2 %, musia sa pre tento proces prija\u0165 osobitn\u00e9 opatrenia. Pri takomto vysokom obsahu uhl\u00edka je pravdepodobn\u00e9, \u017ee sa vytvoria trhliny - tomu sa v\u0161ak d\u00e1 zabr\u00e1ni\u0165 predhrievan\u00edm a \u017e\u00edhan\u00edm na zn\u00ed\u017eenie nap\u00e4tia. Ak sa zliatiny zv\u00e1raj\u00fa, aj tu sa mus\u00ed postupova\u0165 opatrne: Aj mal\u00fd podiel leguj\u00facich prvkov m\u00f4\u017ee v\u00fdrazne ovplyvni\u0165 vlastnosti materi\u00e1lu. Preto m\u00f4\u017ee by\u0165 potrebn\u00e9 pou\u017ei\u0165 in\u00e9 zv\u00e1racie postupy, ktor\u00e9 s\u00fa pre dan\u00fa zliatinu vhodnej\u0161ie.<\/p>\n<h2>Ktor\u00e9 materi\u00e1ly s\u00fa vhodn\u00e9 na zv\u00e1ranie<\/h2>\n<p>Na zv\u00e1ranie s\u00fa zvy\u010dajne vhodn\u00e9 kovy. Maj\u00fa na to potrebn\u00fa \u0165a\u017enos\u0165 - in\u00fdmi slovami, daj\u00fa sa pod vplyvom tepla oh\u00fdba\u0165 namiesto toho, aby sa jednoducho zlomili. To plat\u00ed pre ocele, ako aj pre \u017eelezn\u00e9 kovy a, samozrejme, aj pre ne\u017eelezn\u00e9 kovy.<\/p>\n<p>Tu s\u00fa uveden\u00e9 zv\u00e1racie procesy a materi\u00e1ly, ktor\u00e9 sa nimi daj\u00fa spracova\u0165:<\/p>\n<table>\n<thead>\n<tr>\n<th>Proces zv\u00e1rania<\/th>\n<th>Materi\u00e1ly<\/th>\n<\/tr>\n<\/thead>\n<tbody>\n<tr>\n<td>Plynov\u00e9 zv\u00e1ranie<\/td>\n<td>Nelegovan\u00e9 ocele<\/td>\n<\/tr>\n<tr>\n<td>Ru\u010dn\u00e9 elektrick\u00e9 zv\u00e1ranie<\/td>\n<td>V\u0161etky ocele<\/td>\n<\/tr>\n<tr>\n<td>Zv\u00e1ranie met\u00f3dou MIG<\/td>\n<td>Legovan\u00e9 ocele, ne\u017eelezn\u00e9 kovy<\/td>\n<\/tr>\n<tr>\n<td>MAG zv\u00e1ranie<\/td>\n<td>V\u0161etky ocele<\/td>\n<\/tr>\n<tr>\n<td>Zv\u00e1ranie TIG<\/td>\n<td>V\u0161etky kovy<\/td>\n<\/tr>\n<tr>\n<td>Odporov\u00e9 zv\u00e1ranie<\/td>\n<td>V\u0161etky kovy<\/td>\n<\/tr>\n<tr>\n<td>Plazmov\u00e9 zv\u00e1ranie<\/td>\n<td>V\u0161etky ocele, \u013eahk\u00e9 kovy<\/td>\n<\/tr>\n<tr>\n<td>Ultrazvukov\u00e9 zv\u00e1ranie<\/td>\n<td>Kovy, plasty<\/td>\n<\/tr>\n<tr>\n<td>Zv\u00e1ranie laserov\u00fdm l\u00fa\u010dom<\/td>\n<td>V\u0161etky ocele, \u013eahk\u00e9 kovy, sklo<\/td>\n<\/tr>\n<tr>\n<td>Tlakov\u00e9 zv\u00e1ranie za studena<\/td>\n<td>Ne\u017eelezn\u00e9 kovy, keramika<\/td>\n<\/tr>\n<tr>\n<td>Trecie zv\u00e1ranie<\/td>\n<td>Kovy, plasty<\/td>\n<\/tr>\n<tr>\n<td>V\u00fdbu\u0161n\u00e9 zv\u00e1ranie<\/td>\n<td>Kovy<\/td>\n<\/tr>\n<\/tbody>\n<\/table>\n<p>Viac inform\u00e1ci\u00ed o r\u00f4znych poloh\u00e1ch zv\u00e1rania a ich praktickom vyu\u017eit\u00ed n\u00e1jdete v na\u0161om \u010dl\u00e1nku<span>\u00a0<\/span><a href=\"https:\/\/global-business-recruiting.de\/sk\/poznat\/pozicie-pre-zvaranie\/\">Poz\u00edcie zv\u00e1rania<\/a>.<\/p>\n<h2>\u010casto kladen\u00e9 ot\u00e1zky o procesoch zv\u00e1rania a materi\u00e1loch<\/h2>\n<\/div><\/div><div class=\"w-separator size_small\"><\/div><div class=\"w-tabs style_default switch_click accordion type_togglable has_scrolling\" style=\"--sections-title-size:inherit\"><div class=\"w-tabs-sections titles-align_none icon_chevron cpos_right\"><div class=\"w-tabs-section\" id=\"d22b\" itemscope itemprop=\"mainEntity\" itemtype=\"https:\/\/schema.org\/Question\"><button class=\"w-tabs-section-header\" aria-controls=\"content-d22b\" aria-expanded=\"false\"><div class=\"w-tabs-section-title\" itemprop=\"name\">Ktor\u00e9 materi\u00e1ly nemo\u017eno zv\u00e1ra\u0165?<\/div><div class=\"w-tabs-section-control\"><\/div><\/button><div  class=\"w-tabs-section-content\" id=\"content-d22b\" itemscope itemprop=\"acceptedAnswer\" itemtype=\"https:\/\/schema.org\/Answer\"><div class=\"w-tabs-section-content-h i-cf\" itemprop=\"text\"><div class=\"wpb_text_column\"><div class=\"wpb_wrapper\"><p>Materi\u00e1ly s nebezpe\u010denstvom po\u017eiaru alebo v\u00fdbuchu s\u00fa vo v\u0161eobecnosti vyl\u00fa\u010den\u00e9 z tavn\u00e9ho zv\u00e1rania - musia by\u0165 tie\u017e odstr\u00e1nen\u00e9 z prostredia zv\u00e1rania. Nevhodn\u00e9 s\u00fa aj materi\u00e1ly, ktor\u00e9 sa pri p\u00f4soben\u00ed tepla namiesto deform\u00e1cie l\u00e1mu, pokia\u013e sa nepou\u017e\u00edvaj\u00fa \u0161pecializovan\u00e9 postupy s presn\u00fdm a n\u00edzkym pr\u00edkonom tepla.<\/p>\n<\/div><\/div><\/div><\/div><\/div><div class=\"w-tabs-section\" id=\"u302\" itemscope itemprop=\"mainEntity\" itemtype=\"https:\/\/schema.org\/Question\"><button class=\"w-tabs-section-header\" aria-controls=\"content-u302\" aria-expanded=\"false\"><div class=\"w-tabs-section-title\" itemprop=\"name\">\u010co znamen\u00e1 vhodnos\u0165 pre pot?<\/div><div class=\"w-tabs-section-control\"><\/div><\/button><div  class=\"w-tabs-section-content\" id=\"content-u302\" itemscope itemprop=\"acceptedAnswer\" itemtype=\"https:\/\/schema.org\/Answer\"><div class=\"w-tabs-section-content-h i-cf\" itemprop=\"text\"><div class=\"wpb_text_column\"><div class=\"wpb_wrapper\"><p>Zvarite\u013enos\u0165 opisuje v\u0161etky vlastnosti samotn\u00e9ho materi\u00e1lu, ktor\u00e9 ur\u010duj\u00fa, \u010di ho mo\u017eno sp\u00e1ja\u0165 pomocou zvolen\u00e9ho procesu. Patr\u00ed medzi ne tv\u00e1rnite\u013enos\u0165 za tepla, teplota tavenia, tepeln\u00e1 vodivos\u0165 a chemick\u00e9 zlo\u017eenie. Materi\u00e1l mus\u00ed umo\u017e\u0148ova\u0165 trvale pru\u017en\u00fd zvarov\u00fd spoj.<\/p>\n<\/div><\/div><\/div><\/div><\/div><div class=\"w-tabs-section\" id=\"v415\" itemscope itemprop=\"mainEntity\" itemtype=\"https:\/\/schema.org\/Question\"><button class=\"w-tabs-section-header\" aria-controls=\"content-v415\" aria-expanded=\"false\"><div class=\"w-tabs-section-title\" itemprop=\"name\">Ktor\u00fd proces zv\u00e1rania je vhodn\u00fd pre v\u0161etky kovy?<\/div><div class=\"w-tabs-section-control\"><\/div><\/button><div  class=\"w-tabs-section-content\" id=\"content-v415\" itemscope itemprop=\"acceptedAnswer\" itemtype=\"https:\/\/schema.org\/Answer\"><div class=\"w-tabs-section-content-h i-cf\" itemprop=\"text\"><div class=\"wpb_text_column\"><div class=\"wpb_wrapper\"><p>Zv\u00e1ranie TIG a odporov\u00e9 zv\u00e1ranie je vhodn\u00e9 pre v\u0161etky kovy. Zv\u00e1ranie MIG je vhodn\u00e9 pre legovan\u00e9 ocele a ne\u017eelezn\u00e9 kovy, MAG a ru\u010dn\u00e9 obl\u00fakov\u00e9 zv\u00e1ranie pre v\u0161etky ocele. V\u00fdber v\u017edy z\u00e1vis\u00ed od hr\u00fabky materi\u00e1lu, geometrie spoja a dostupn\u00e9ho vybavenia.<\/p>\n<\/div><\/div><\/div><\/div><\/div><div class=\"w-tabs-section\" id=\"h4e2\" itemscope itemprop=\"mainEntity\" itemtype=\"https:\/\/schema.org\/Question\"><button class=\"w-tabs-section-header\" aria-controls=\"content-h4e2\" aria-expanded=\"false\"><div class=\"w-tabs-section-title\" itemprop=\"name\">Mo\u017eno zv\u00e1ra\u0165 sklo alebo plast?<\/div><div class=\"w-tabs-section-control\"><\/div><\/button><div  class=\"w-tabs-section-content\" id=\"content-h4e2\" itemscope itemprop=\"acceptedAnswer\" itemtype=\"https:\/\/schema.org\/Answer\"><div class=\"w-tabs-section-content-h i-cf\" itemprop=\"text\"><div class=\"wpb_text_column\"><div class=\"wpb_wrapper\"><p>\u00c1no, so spr\u00e1vnymi postupmi. Sklo mo\u017eno sp\u00e1ja\u0165 laserov\u00fdm zv\u00e1ran\u00edm, plasty trec\u00edm a ultrazvukov\u00fdm zv\u00e1ran\u00edm. V oboch pr\u00edpadoch je rozhoduj\u00faci presne kontrolovan\u00fd n\u00edzky tepeln\u00fd pr\u00edkon, preto\u017ee tieto materi\u00e1ly maj\u00fa tendenciu praska\u0165, ak je ich tepeln\u00e1 vodivos\u0165 pr\u00edli\u0161 vysok\u00e1.<\/p>\n<\/div><\/div><\/div><\/div><\/div><div class=\"w-tabs-section\" id=\"f5af\" itemscope itemprop=\"mainEntity\" itemtype=\"https:\/\/schema.org\/Question\"><button class=\"w-tabs-section-header\" aria-controls=\"content-f5af\" aria-expanded=\"false\"><div class=\"w-tabs-section-title\" itemprop=\"name\">Pre\u010do je pri zv\u00e1ran\u00ed ocele d\u00f4le\u017eit\u00fd obsah uhl\u00edka?<\/div><div class=\"w-tabs-section-control\"><\/div><\/button><div  class=\"w-tabs-section-content\" id=\"content-f5af\" itemscope itemprop=\"acceptedAnswer\" itemtype=\"https:\/\/schema.org\/Answer\"><div class=\"w-tabs-section-content-h i-cf\" itemprop=\"text\"><div class=\"wpb_text_column\"><div class=\"wpb_wrapper\"><p>Ak obsah uhl\u00edka v oceli prekro\u010d\u00ed 0,2 %, pravdepodobne sa vytvoria trhliny. Tomu sa d\u00e1 zabr\u00e1ni\u0165 predhriat\u00edm a \u017e\u00edhan\u00edm na zn\u00ed\u017eenie nap\u00e4tia. \u010c\u00edm vy\u0161\u0161\u00ed je obsah uhl\u00edka, t\u00fdm n\u00e1ro\u010dnej\u0161\u00ed je proces zv\u00e1rania a t\u00fdm d\u00f4le\u017eitej\u0161ia je starostliv\u00e1 pr\u00edprava.<\/p>\n<\/div><\/div><\/div><\/div><\/div><\/div><\/div><\/div><\/div><\/div><\/div><\/section>","protected":false},"excerpt":{"rendered":"Das Schwei\u00dfen hat seine Wichtigkeit l\u00e4ngst unter Beweis gestellt. Allein die Unzahl an Verfahren und Unterverfahren beweist, dass diese M\u00f6glichkeit, Bauteile dauerhaft und stabil zu verbinden, eine immer gr\u00f6\u00dfere Bedeutung erh\u00e4lt. Damit es dann auch wichtig ist zu verstehen, was denn \u00fcberhaupt geschwei\u00dft werden kann: Welche Materialien eignen sich dazu und bei welchen Materialien ist...","protected":false},"author":1,"featured_media":11166,"parent":9347,"menu_order":0,"comment_status":"closed","ping_status":"closed","template":"","meta":{"_acf_changed":false,"footnotes":""},"class_list":["post-9945","page","type-page","status-publish","has-post-thumbnail","hentry"],"acf":[],"_links":{"self":[{"href":"https:\/\/global-business-recruiting.de\/sk\/wp-json\/wp\/v2\/pages\/9945","targetHints":{"allow":["GET"]}}],"collection":[{"href":"https:\/\/global-business-recruiting.de\/sk\/wp-json\/wp\/v2\/pages"}],"about":[{"href":"https:\/\/global-business-recruiting.de\/sk\/wp-json\/wp\/v2\/types\/page"}],"author":[{"embeddable":true,"href":"https:\/\/global-business-recruiting.de\/sk\/wp-json\/wp\/v2\/users\/1"}],"replies":[{"embeddable":true,"href":"https:\/\/global-business-recruiting.de\/sk\/wp-json\/wp\/v2\/comments?post=9945"}],"version-history":[{"count":6,"href":"https:\/\/global-business-recruiting.de\/sk\/wp-json\/wp\/v2\/pages\/9945\/revisions"}],"predecessor-version":[{"id":11173,"href":"https:\/\/global-business-recruiting.de\/sk\/wp-json\/wp\/v2\/pages\/9945\/revisions\/11173"}],"up":[{"embeddable":true,"href":"https:\/\/global-business-recruiting.de\/sk\/wp-json\/wp\/v2\/pages\/9347"}],"wp:featuredmedia":[{"embeddable":true,"href":"https:\/\/global-business-recruiting.de\/sk\/wp-json\/wp\/v2\/media\/11166"}],"wp:attachment":[{"href":"https:\/\/global-business-recruiting.de\/sk\/wp-json\/wp\/v2\/media?parent=9945"}],"curies":[{"name":"wp","href":"https:\/\/api.w.org\/{rel}","templated":true}]}}