{"id":9955,"date":"2026-03-16T05:06:26","date_gmt":"2026-03-16T05:06:26","guid":{"rendered":"https:\/\/global-business-recruiting.de\/wissen\/outsourcing-von-dienstleistungen-in-die-slowakei-wachstum-und-freiheit-fuer-ihr-unternehmen\/"},"modified":"2026-03-29T13:22:29","modified_gmt":"2026-03-29T13:22:29","slug":"outsourcing-mzdoveho-uctovnictva","status":"publish","type":"page","link":"https:\/\/global-business-recruiting.de\/sk\/wissen\/outsourcing-lohnbuchhaltung\/","title":{"rendered":"Outsourcing mzdov\u00e9ho \u00fa\u010dtovn\u00edctva - tipy: \u010co je potrebn\u00e9 zv\u00e1\u017ei\u0165"},"content":{"rendered":"<section class=\"l-section wpb_row height_custom\"><div class=\"l-section-h i-cf\"><div class=\"g-cols vc_row via_grid cols_1 laptops-cols_inherit tablets-cols_inherit mobiles-cols_1 valign_top type_default stacking_default\"><div class=\"wpb_column vc_column_container\"><div class=\"vc_column-inner\"><div class=\"wpb_text_column\"><div class=\"wpb_wrapper\"><p>\u00da\u010dtovn\u00edctvo je v s\u00fa\u010dasnosti jedn\u00fdm z najv\u00e4\u010d\u0161\u00edch probl\u00e9mov spolo\u010dnost\u00ed. Offshore outsourcing miezd nie je tak\u00fd popul\u00e1rny ako outsourcing IT, ale st\u00e1va sa \u010doraz ob\u013e\u00fabenej\u0161\u00edm. Po offshore outsourcingu IT odborn\u00edkov, z\u00e1kazn\u00edckych slu\u017eieb a digit\u00e1lneho marketingu je offshore outsourcing \u00fa\u010dtovn\u00edctva ur\u010dite vy\u0161\u0161ie na zozname. \u010eal\u0161\u00edm odvetv\u00edm, ktor\u00e9 je v s\u00fa\u010dasnosti ve\u013emi popul\u00e1rne z d\u00f4vodu nedostatku kvalifikovanej pracovnej sily, podobne ako IT, je stavebn\u00edctvo, pokia\u013e ide o outsourcing.<\/p>\n<p>\u00da\u010dtovn\u00edctvo a financie s\u00fa tie\u017e outsourcovan\u00e9 a s\u00fa na vrchole zoznamu, pokia\u013e ide o outsourcing vo v\u0161eobecnosti - nie v\u0161ak pokia\u013e ide o offshore outsourcing. Zvy\u010dajne je to sk\u00f4r v pr\u00edpade onshore outsourcingu. V poslednom \u010dase sa v\u0161ak v tomto sektore ve\u013emi zv\u00fd\u0161il offshore outsourcing.<\/p>\n<h2>Ako funguje outsourcing miezd?<\/h2>\n<p>Outsourcing miezd je outsourcing intern\u00e9ho mzdov\u00e9ho \u00fa\u010dtovn\u00edctva na extern\u00e9 \u00fa\u010dtovn\u00e9 oddelenie - to znamen\u00e1, \u017ee extern\u00e1 spolo\u010dnos\u0165 zabezpe\u010duje mzdov\u00e9 \u00fa\u010dtovn\u00edctvo v\u0161etk\u00fdch zamestnancov. Touto spolo\u010dnos\u0165ou bude s najv\u00e4\u010d\u0161ou pravdepodobnos\u0165ou: \u0161pecializovan\u00fd poskytovate\u013e outsourcingu miezd a t\u00edm kvalifikovan\u00fdch odborn\u00edkov na mzdy.<\/p>\n<p>Odme\u0148ovanie zamestnancov je d\u00f4le\u017eit\u00e1 \u00faloha, a preto by ju mali vykon\u00e1va\u0165 len odborn\u00edci v tejto oblasti. T\u00edto odborn\u00edci by mali zoh\u013eadni\u0165 aj bezpe\u010dnos\u0165 a ochranu \u00fadajov. Outsourcing miezd a zmluvy o outsourcingu s\u00fa ur\u010den\u00e9 pre konkr\u00e9tne spolo\u010dnosti - niektor\u00e9 spolo\u010dnosti nechc\u00fa prevzia\u0165 tieto za vlasy pritiahnut\u00e9 probl\u00e9my t\u00fdkaj\u00face sa mzdovej agendy vo vlastnej r\u00e9\u017eii.<\/p>\n<h2>V\u00fdhody outsourcingu \u00fa\u010dtovn\u00edctva<\/h2>\n<p>Finan\u010dn\u00e9 \u00fa\u010dtovn\u00edctvo je vo v\u0161eobecnosti pre podniky n\u00e1ro\u010dnou a \u010dasovo n\u00e1ro\u010dnou \u00falohou. Extern\u00e9 vedenie mzdov\u00e9ho \u00fa\u010dtovn\u00edctva m\u00e1 nieko\u013eko v\u00fdhod:<\/p>\n<p><strong>\u0160k\u00e1lovate\u013enos\u0165:<\/strong><span>\u00a0<\/span>Mzdov\u00e9 \u00fa\u010dtovn\u00edctvo sa d\u00e1 \u013eahko roz\u0161\u00edri\u0165, ke\u010f do spolo\u010dnosti nast\u00fapi viac zamestnancov.<\/p>\n<p><strong>Zn\u00ed\u017eenie n\u00e1kladov prostredn\u00edctvom outsourcingu:<\/strong><span>\u00a0<\/span>Aj tu platia obvykl\u00e9 v\u00fdhody outsourcingu - n\u00e1klady sa v\u00fdrazne zn\u00ed\u017eia, ak sa outsourcing prenesie do tretej krajiny, kde nie s\u00fa tak\u00e9 vysok\u00e9.<\/p>\n<p><strong>Finan\u010dn\u00e1 anal\u00fdza a pod\u00e1vanie spr\u00e1v:<\/strong><span>\u00a0<\/span>Op\u00e4\u0165 sa \u0161etr\u00ed \u010das a spres\u0148uje sa vykazovanie.<\/p>\n<p><strong>\u00daspora \u010dasu:<\/strong><span>\u00a0<\/span>Zv\u00fd\u0161enie efekt\u00edvnosti prostredn\u00edctvom outsourcingu je obrovsk\u00e9, preto\u017ee ide o \u010dasovo n\u00e1ro\u010dn\u00fa \u00falohu, ktor\u00e1 skr\u00fdva mnoho n\u00e1strah, ak si ned\u00e1te pozor. Pri outsourcingu \u00fa\u010dtovn\u00edctva sa poskytovate\u013e outsourcingov\u00fdch slu\u017eieb zvy\u010dajne s\u00fastred\u00ed len na t\u00fato \u00falohu, a tak m\u00f4\u017ee d\u00f4js\u0165 k men\u0161iemu po\u010dtu ch\u00fdb.<\/p>\n<h2>Outsourcing \u00fa\u010dtovn\u00edctva - ktor\u00e9 \u00falohy mo\u017eno zada\u0165 externe?<\/h2>\n<p>Existuje nieko\u013eko \u00faloh, ktor\u00e9 mo\u017eno zada\u0165 externe, vr\u00e1tane outsourcingu miezd. Tu je nieko\u013eko pr\u00edkladov:<\/p>\n<p><strong>1. \u00fa\u010dtovn\u00edctvo:<\/strong><span>\u00a0<\/span>Prenesen\u00edm tejto \u00falohy na \u0161pecializovan\u00e9ho poskytovate\u013ea outsourcingov\u00fdch slu\u017eieb m\u00f4\u017eu spolo\u010dnosti zaru\u010di\u0165 v\u00e4\u010d\u0161iu presnos\u0165, dodr\u017eiavanie pr\u00e1vnych predpisov a najmodernej\u0161\u00ed softv\u00e9r. Je to tie\u017e \u010dasovo n\u00e1ro\u010dn\u00e1 \u00faloha.<\/p>\n<p><strong>2. mzdov\u00e9 \u00fa\u010dtovn\u00edctvo:<\/strong><span>\u00a0<\/span>Spr\u00e1va miezd vo vlastnej organiz\u00e1cii m\u00f4\u017ee by\u0165 zlo\u017eit\u00e1 a n\u00e1chyln\u00e1 na chyby. Chyby m\u00f4\u017eu vies\u0165 nielen k finan\u010dn\u00fdm pokut\u00e1m, ale m\u00f4\u017eu ma\u0165 aj v\u00e1\u017eny vplyv na mor\u00e1lku zamestnancov.<\/p>\n<p><strong>3. poh\u013ead\u00e1vky a z\u00e1v\u00e4zky:<\/strong><span>\u00a0<\/span>Niektor\u00e9 z \u00faloh, ktor\u00e9 patria do tejto polo\u017eky, s\u00fa faktur\u00e1cia, n\u00e1sledn\u00e1 kontrola, odch\u00e1dzaj\u00face platby dod\u00e1vate\u013eom a zasielanie fakt\u00far dod\u00e1vate\u013eom.<\/p>\n<p><strong>4. pr\u00edprava a dodr\u017eiavanie da\u0148ov\u00fdch predpisov:<\/strong><span>\u00a0<\/span>\u00daloha, ktor\u00e1 si vy\u017eaduje d\u00f4kladn\u00fa pr\u00edpravu, dodr\u017eiavanie term\u00ednov a neust\u00e1le sa meniace z\u00e1kony.<\/p>\n<p><strong>5. finan\u010dn\u00e9 v\u00fdkazn\u00edctvo:<\/strong><span>\u00a0<\/span>Pr\u00edprava v\u00fdkazov ziskov a str\u00e1t (P&amp;L), s\u00favah a v\u00fdkazov pe\u0148a\u017en\u00fdch tokov.<\/p>\n<p><strong>6. finan\u010dn\u00e9 pl\u00e1novanie a anal\u00fdza:<\/strong><span>\u00a0<\/span>Anal\u00fdzy si vy\u017eaduj\u00fa odborn\u00e9 znalosti a \u0161pecializovan\u00fd softv\u00e9r, ktor\u00fd spolo\u010dnosti \u010dasto nemaj\u00fa k dispoz\u00edcii.<\/p>\n<h2>Extern\u00e9 \u00fa\u010dtovn\u00edctvo - pren\u00e1jom profesion\u00e1lneho outsourcingov\u00e9ho partnera<\/h2>\n<p>Pod\u013ea \u00fadajov outworldindata vl\u00e1dy v mnoh\u00fdch krajin\u00e1ch s vysok\u00fdmi pr\u00edjmami vynakladaj\u00fa zna\u010dn\u00e9 prostriedky na outsourcing. Niektor\u00e9 oblasti jednoducho outsourcuj\u00fa. Je potrebn\u00e9 poznamena\u0165, \u017ee<span>\u00a0<\/span><strong>Prevod z\u00e1v\u00e4zkov na \u00fa\u010dely \u00fa\u010dtovn\u00edctva nie je mo\u017en\u00fd<\/strong>. P\u00f4vodn\u00e1 spolo\u010dnos\u0165 je st\u00e1le zodpovedn\u00e1 za dodr\u017eiavanie predpisov. Preto je d\u00f4le\u017eit\u00e9 n\u00e1js\u0165 outsourcingov\u00e9ho partnera, ktor\u00fd zabezpe\u010d\u00ed, aby sa to robilo spr\u00e1vne.<\/p>\n<p>Outsourcing mzdov\u00e9ho \u00fa\u010dtovn\u00edctva je z\u00e1kladn\u00fdm prvkom outsourcingu \u00fa\u010dtovn\u00edctva. D\u00f4le\u017eit\u00fdmi faktormi spr\u00e1vneho outsourcingu s\u00fa: Automatiz\u00e1cia v \u00fa\u010dtovn\u00edctve, dodr\u017eiavanie predpisov a da\u0148ov\u00fdch predpisov, finan\u010dn\u00e1 anal\u00fdza a v\u00fdkazn\u00edctvo, zmluvy o outsourcingu, ako aj bezpe\u010dnos\u0165 a ochrana \u00fadajov pri outsourcingu.<\/p>\n<p>Viac inform\u00e1ci\u00ed o outsourcingu si m\u00f4\u017eete pre\u010d\u00edta\u0165 v na\u0161om \u010dl\u00e1nku<span>\u00a0<\/span><a href=\"https:\/\/global-business-recruiting.de\/sk\/poznat\/definicia-outsourcingu-vyhody-nevyhody\/\">Outsourcing - defin\u00edcia, v\u00fdhody a nev\u00fdhody<\/a>. Konkr\u00e9tne o Slovensku ako mieste outsourcingu si m\u00f4\u017eete pre\u010d\u00edta\u0165 v na\u0161om \u010dl\u00e1nku<span>\u00a0<\/span><a href=\"https:\/\/global-business-recruiting.de\/sk\/poznat\/outsourcing-slovensko\/\">Outsourcing na Slovensko<\/a>.<\/p>\n<h2>\u010casto kladen\u00e9 ot\u00e1zky o outsourcingu mzdov\u00e9ho \u00fa\u010dtovn\u00edctva<\/h2>\n<\/div><\/div><div class=\"w-separator size_small\"><\/div><div class=\"w-tabs style_default switch_click accordion type_togglable has_scrolling\" style=\"--sections-title-size:inherit\"><div class=\"w-tabs-sections titles-align_none icon_chevron cpos_right\"><div class=\"w-tabs-section\" id=\"je4c\" itemscope itemprop=\"mainEntity\" itemtype=\"https:\/\/schema.org\/Question\"><button class=\"w-tabs-section-header\" aria-controls=\"content-je4c\" aria-expanded=\"false\"><div class=\"w-tabs-section-title\" itemprop=\"name\">\u010co znamen\u00e1 outsourcing mzdov\u00e9ho \u00fa\u010dtovn\u00edctva?<\/div><div class=\"w-tabs-section-control\"><\/div><\/button><div  class=\"w-tabs-section-content\" id=\"content-je4c\" itemscope itemprop=\"acceptedAnswer\" itemtype=\"https:\/\/schema.org\/Answer\"><div class=\"w-tabs-section-content-h i-cf\" itemprop=\"text\"><div class=\"wpb_text_column\"><div class=\"wpb_wrapper\"><p>Pri outsourcingu mzdov\u00e9ho \u00fa\u010dtovn\u00edctva spolo\u010dnos\u0165 zver\u00ed cel\u00e9 mzdov\u00e9 \u00fa\u010dtovn\u00edctvo svojich zamestnancov \u0161pecializovan\u00e9mu extern\u00e9mu poskytovate\u013eovi slu\u017eieb. Tento poskytovate\u013e slu\u017eieb preber\u00e1 mzdov\u00e9 \u00fa\u010dtovn\u00edctvo, dodr\u017eiavanie predpisov, pr\u00edpravu dan\u00ed a v\u00fdkazn\u00edctvo - zatia\u013e \u010do p\u00f4vodn\u00e1 spolo\u010dnos\u0165 je na\u010falej zodpovedn\u00e1 za dodr\u017eiavanie predpisov.<\/p>\n<\/div><\/div><\/div><\/div><\/div><div class=\"w-tabs-section\" id=\"qf24\" itemscope itemprop=\"mainEntity\" itemtype=\"https:\/\/schema.org\/Question\"><button class=\"w-tabs-section-header\" aria-controls=\"content-qf24\" aria-expanded=\"false\"><div class=\"w-tabs-section-title\" itemprop=\"name\">Ak\u00e9 s\u00fa v\u00fdhody outsourcingu mzdov\u00e9ho \u00fa\u010dtovn\u00edctva?<\/div><div class=\"w-tabs-section-control\"><\/div><\/button><div  class=\"w-tabs-section-content\" id=\"content-qf24\" itemscope itemprop=\"acceptedAnswer\" itemtype=\"https:\/\/schema.org\/Answer\"><div class=\"w-tabs-section-content-h i-cf\" itemprop=\"text\"><div class=\"wpb_text_column\"><div class=\"wpb_wrapper\"><p>Najd\u00f4le\u017eitej\u0161\u00edmi v\u00fdhodami s\u00fa zn\u00ed\u017eenie n\u00e1kladov prostredn\u00edctvom outsourcingu do kraj\u00edn s ni\u017e\u0161ou \u00farov\u0148ou miezd, \u00faspora \u010dasu, lep\u0161ia \u0161k\u00e1lovate\u013enos\u0165 pri rast\u00facom po\u010dte zamestnancov, presnej\u0161ie vykazovanie a zn\u00ed\u017eenie rizika ch\u00fdb prostredn\u00edctvom \u0161pecializovan\u00fdch poskytovate\u013eov slu\u017eieb.<\/p>\n<\/div><\/div><\/div><\/div><\/div><div class=\"w-tabs-section\" id=\"gff8\" itemscope itemprop=\"mainEntity\" itemtype=\"https:\/\/schema.org\/Question\"><button class=\"w-tabs-section-header\" aria-controls=\"content-gff8\" aria-expanded=\"false\"><div class=\"w-tabs-section-title\" itemprop=\"name\">Je mo\u017en\u00e9 prenies\u0165 zodpovednos\u0165 za mzdov\u00e9 \u00fa\u010dtovn\u00edctvo na outsourcingov\u00e9ho partnera?<\/div><div class=\"w-tabs-section-control\"><\/div><\/button><div  class=\"w-tabs-section-content\" id=\"content-gff8\" itemscope itemprop=\"acceptedAnswer\" itemtype=\"https:\/\/schema.org\/Answer\"><div class=\"w-tabs-section-content-h i-cf\" itemprop=\"text\"><div class=\"wpb_text_column\"><div class=\"wpb_wrapper\"><p>Nie - \u00fapln\u00fd prenos zodpovednosti nie je mo\u017en\u00fd. P\u00f4vodn\u00e1 spolo\u010dnos\u0165 je na\u010falej zodpovedn\u00e1 za dodr\u017eiavanie v\u0161etk\u00fdch pr\u00e1vnych predpisov. Preto je ve\u013emi d\u00f4le\u017eit\u00fd starostliv\u00fd v\u00fdber spo\u013eahliv\u00e9ho outsourcingov\u00e9ho partnera, ktor\u00fd dodr\u017eiava predpisy.<\/p>\n<\/div><\/div><\/div><\/div><\/div><div class=\"w-tabs-section\" id=\"o0ca\" itemscope itemprop=\"mainEntity\" itemtype=\"https:\/\/schema.org\/Question\"><button class=\"w-tabs-section-header\" aria-controls=\"content-o0ca\" aria-expanded=\"false\"><div class=\"w-tabs-section-title\" itemprop=\"name\">Ktor\u00e9 \u00fa\u010dtovn\u00e9 \u00falohy mo\u017eno zada\u0165 externe?<\/div><div class=\"w-tabs-section-control\"><\/div><\/button><div  class=\"w-tabs-section-content\" id=\"content-o0ca\" itemscope itemprop=\"acceptedAnswer\" itemtype=\"https:\/\/schema.org\/Answer\"><div class=\"w-tabs-section-content-h i-cf\" itemprop=\"text\"><div class=\"wpb_text_column\"><div class=\"wpb_wrapper\"><p>V z\u00e1sade mo\u017eno externe zada\u0165 mzdov\u00e9 \u00fa\u010dtovn\u00edctvo, poh\u013ead\u00e1vky a z\u00e1v\u00e4zky, pr\u00edpravu a dodr\u017eiavanie da\u0148ov\u00fdch predpisov, finan\u010dn\u00e9 v\u00fdkazn\u00edctvo, ako aj finan\u010dn\u00e9 pl\u00e1novanie a anal\u00fdzu. Je d\u00f4le\u017eit\u00e9, aby boli zaveden\u00e9 jasn\u00e9 zmluvn\u00e9 dohody a opatrenia na ochranu \u00fadajov.<\/p>\n<\/div><\/div><\/div><\/div><\/div><div class=\"w-tabs-section\" id=\"n1a2\" itemscope itemprop=\"mainEntity\" itemtype=\"https:\/\/schema.org\/Question\"><button class=\"w-tabs-section-header\" aria-controls=\"content-n1a2\" aria-expanded=\"false\"><div class=\"w-tabs-section-title\" itemprop=\"name\">Na \u010do si treba da\u0165 pozor pri outsourcingu mzdov\u00e9ho \u00fa\u010dtovn\u00edctva?<\/div><div class=\"w-tabs-section-control\"><\/div><\/button><div  class=\"w-tabs-section-content\" id=\"content-n1a2\" itemscope itemprop=\"acceptedAnswer\" itemtype=\"https:\/\/schema.org\/Answer\"><div class=\"w-tabs-section-content-h i-cf\" itemprop=\"text\"><div class=\"wpb_text_column\"><div class=\"wpb_wrapper\"><p>D\u00f4le\u017eit\u00e9 s\u00fa najm\u00e4 bezpe\u010dnos\u0165 \u00fadajov a s\u00falad s GDPR, jasn\u00e9 zmluvy o outsourcingu s definovan\u00fdmi dohodami o slu\u017eb\u00e1ch, kvalifik\u00e1cia partnera v oblasti mzdov\u00e9ho a da\u0148ov\u00e9ho pr\u00e1va a pravideln\u00e9 kontroly. Ke\u010f\u017ee zodpovednos\u0165 zost\u00e1va na klientovi, partner by sa mal vybera\u0165 starostlivo.<\/p>\n<\/div><\/div><\/div><\/div><\/div><\/div><\/div><\/div><\/div><\/div><\/div><\/section>","protected":false},"excerpt":{"rendered":"Die Buchhaltung ist heutzutage eines der gr\u00f6\u00dften Probleme f\u00fcr Unternehmen. Offshore-Outsourcing der Lohnbuchhaltung ist nicht so beliebt wie IT-Outsourcing, wird aber immer beliebter. Nach Offshore-Outsourcing von IT-Fachkr\u00e4ften, Kundenservice und digitalem Marketing steht Offshore-Outsourcing der Buchhaltung auf jeden Fall weiter oben auf der Liste. Eine weitere Branche, die derzeit aufgrund des Fachkr\u00e4ftemangels sehr beliebt ist, wie...","protected":false},"author":1,"featured_media":11168,"parent":9347,"menu_order":0,"comment_status":"closed","ping_status":"closed","template":"","meta":{"_acf_changed":false,"footnotes":""},"class_list":["post-9955","page","type-page","status-publish","has-post-thumbnail","hentry"],"acf":[],"_links":{"self":[{"href":"https:\/\/global-business-recruiting.de\/sk\/wp-json\/wp\/v2\/pages\/9955","targetHints":{"allow":["GET"]}}],"collection":[{"href":"https:\/\/global-business-recruiting.de\/sk\/wp-json\/wp\/v2\/pages"}],"about":[{"href":"https:\/\/global-business-recruiting.de\/sk\/wp-json\/wp\/v2\/types\/page"}],"author":[{"embeddable":true,"href":"https:\/\/global-business-recruiting.de\/sk\/wp-json\/wp\/v2\/users\/1"}],"replies":[{"embeddable":true,"href":"https:\/\/global-business-recruiting.de\/sk\/wp-json\/wp\/v2\/comments?post=9955"}],"version-history":[{"count":7,"href":"https:\/\/global-business-recruiting.de\/sk\/wp-json\/wp\/v2\/pages\/9955\/revisions"}],"predecessor-version":[{"id":11171,"href":"https:\/\/global-business-recruiting.de\/sk\/wp-json\/wp\/v2\/pages\/9955\/revisions\/11171"}],"up":[{"embeddable":true,"href":"https:\/\/global-business-recruiting.de\/sk\/wp-json\/wp\/v2\/pages\/9347"}],"wp:featuredmedia":[{"embeddable":true,"href":"https:\/\/global-business-recruiting.de\/sk\/wp-json\/wp\/v2\/media\/11168"}],"wp:attachment":[{"href":"https:\/\/global-business-recruiting.de\/sk\/wp-json\/wp\/v2\/media?parent=9955"}],"curies":[{"name":"wp","href":"https:\/\/api.w.org\/{rel}","templated":true}]}}