{"id":9959,"date":"2026-03-16T05:42:15","date_gmt":"2026-03-16T05:42:15","guid":{"rendered":"https:\/\/global-business-recruiting.de\/wissen\/outsourcing-der-lohnbuchhaltung-tipps-was-sie-beachten-muessen\/"},"modified":"2026-03-29T13:23:28","modified_gmt":"2026-03-29T13:23:28","slug":"vyznam-nemeckeho-lodiarskeho-priemyslu","status":"publish","type":"page","link":"https:\/\/global-business-recruiting.de\/sk\/wissen\/deutsche-schiffbauindustrie-bedeutung\/","title":{"rendered":"Charakter a v\u00fdznam nemeck\u00e9ho lodiarskeho priemyslu"},"content":{"rendered":"<section class=\"l-section wpb_row height_custom\"><div class=\"l-section-h i-cf\"><div class=\"g-cols vc_row via_grid cols_1 laptops-cols_inherit tablets-cols_inherit mobiles-cols_1 valign_top type_default stacking_default\"><div class=\"wpb_column vc_column_container\"><div class=\"vc_column-inner\"><div class=\"wpb_text_column\"><div class=\"wpb_wrapper\"><p>Stavba lod\u00ed je u\u017e desa\u0165ro\u010dia jedn\u00fdm z najd\u00f4le\u017eitej\u0161\u00edch priemyseln\u00fdch odvetv\u00ed Nemecka. Sved\u010d\u00ed o tom najm\u00e4 skuto\u010dnos\u0165, \u017ee sa tu stavaj\u00fa \u0161peci\u00e1lne lode, ktor\u00e9 s\u00fa \u017eiadan\u00e9 po celom svete - od impozantn\u00fdch v\u00fdletn\u00fdch lod\u00ed a luxusn\u00fdch j\u00e1cht a\u017e po ultramodern\u00e9 vojensk\u00e9 plavidl\u00e1. Lodenice ako Meyer Werft, L\u00fcrssen\/NVL Group a Thyssenkrupp Marine Systems (TKMS) sa te\u0161ia vynikaj\u00facej medzin\u00e1rodnej povesti. S\u00fa symbolom kvality, inov\u00e1cie a spo\u013eahlivosti a maj\u00fa neust\u00e1le pln\u00e9 objedn\u00e1vky. \u0160t\u00e1t z\u00e1rove\u0148 podporuje ich technologicky najn\u00e1ro\u010dnej\u0161ie projekty s cie\u013eom dlhodobo posilni\u0165 toto odvetvie.<\/p>\n<h2>\u010c\u00edm sa vyzna\u010duje nemeck\u00e1 lodiarska v\u00fdroba?<\/h2>\n<p>Nemeck\u00fd lodiarsky priemysel charakterizuj\u00fa ve\u013ek\u00e9 tradi\u010dn\u00e9 spolo\u010dnosti s desa\u0165ro\u010diami odborn\u00fdch znalost\u00ed, rozsiahlymi sk\u00fasenos\u0165ami a najmodernej\u0161\u00edmi technol\u00f3giami. S\u00fa obzvl\u00e1\u0161\u0165 siln\u00e9 v segmentoch, v ktor\u00fdch je rozhoduj\u00faca kvalita a technick\u00e9 inov\u00e1cie: V\u00fdletn\u00e9 lode, luxusn\u00e9 jachty a n\u00e1morn\u00e9 lode.<\/p>\n<p>Z\u00e1rove\u0148 existuje \u0161irok\u00fd sektor mal\u00fdch a stredn\u00fdch podnikov. Mnoh\u00e9 z t\u00fdchto podnikov s\u00fa rodinn\u00e9 a vysoko \u0161pecializovan\u00e9. Pokr\u00fdvaj\u00fa tak\u00e9 medzery, ako je stavba plavidiel vn\u00fatrozemskej plavby alebo in\u00fdch men\u0161\u00edch \u0161pecializovan\u00fdch lod\u00ed, ktor\u00e9 sa pou\u017e\u00edvaj\u00fa najm\u00e4 na riekach a jazer\u00e1ch.<\/p>\n<h2>Od kr\u00edzy k vzostupu<\/h2>\n<p>Po \u0165a\u017ekom obdob\u00ed, ktor\u00e9 bolo sp\u00f4soben\u00e9 nadmernou ponukou lodn\u00e9ho priestoru a zhor\u0161en\u00e9 poklesom svetov\u00e9ho obchodu v d\u00f4sledku pand\u00e9mie, za\u017e\u00edva toto odvetvie v\u00fdrazn\u00fd vzostup. Svetov\u00fd obchod sa op\u00e4\u0165 o\u017eivuje, dopyt po lodnej kapacite sa zvy\u0161uje a n\u00e1morn\u00fd priemysel je na historicky najvy\u0161\u0161ej \u00farovni. Ani diskusie o cl\u00e1ch na tom ni\u010d nezmenia: tovar sa mus\u00ed prepravova\u0165 - ot\u00e1zkou je nanajv\u00fd\u0161 to, kam lode p\u00f4jdu, a nie to, \u010di sa postavia.<\/p>\n<h2>Pre\u010do Nemecko profituje<\/h2>\n<p>Napriek vy\u0161\u0161\u00edm mzd\u00e1m a odvodom na soci\u00e1lne zabezpe\u010denie si Nemecko v \u0161pecializovanej lodiarskej v\u00fdrobe dr\u017e\u00ed svoje postavenie. D\u00f4vod:<span>\u00a0<\/span><strong>Kvalita a inov\u00e1cie.<\/strong><span>\u00a0<\/span>\u010eal\u0161\u00edm faktorom je vl\u00e1dna podpora, a to aj prostredn\u00edctvom<span>\u00a0<\/span><strong>Feder\u00e1lny \u00farad pre hospod\u00e1rstvo a kontrolu v\u00fdvozu (BAFA)<\/strong>. Financovanie sa zameriava na inovat\u00edvne n\u00e1vrhy lod\u00ed, nov\u00e9 kon\u0161trukcie na mori, modern\u00e9 v\u00fdrobn\u00e9 procesy a pokro\u010dil\u00e9 syst\u00e9my na palube. Cie\u013eom je zabezpe\u010di\u0165 medzin\u00e1rodn\u00fa konkurencieschopnos\u0165 nemeck\u00fdch loden\u00edc, zachova\u0165 pracovn\u00e9 miesta a z\u00e1rove\u0148 roz\u0161\u00edri\u0165 strategick\u00e9 kapacity do bud\u00facnosti.<\/p>\n<h2>Pre\u010do je siln\u00fd n\u00e1rodn\u00fd lodiarsky priemysel d\u00f4le\u017eit\u00fd z h\u013eadiska bezpe\u010dnostnej politiky<\/h2>\n<p>Vlastn\u00fd n\u00e1morn\u00fd priemysel nemeckej vl\u00e1dy zohr\u00e1va rozhoduj\u00facu \u00falohu v jej n\u00e1mornej strat\u00e9gii. Siln\u00e9 n\u00e1morn\u00edctvo si vy\u017eaduje nez\u00e1visl\u00fd n\u00e1rodn\u00fd priemysel, ktor\u00fd vyv\u00edja, stavia, udr\u017eiava a modernizuje lode. Ak by sa nemeck\u00e9 n\u00e1morn\u00e9 lode stavali v zahrani\u010d\u00ed, stali by sme sa z\u00e1visl\u00fdmi od dod\u00e1vok n\u00e1hradn\u00fdch dielov, cyklov \u00fadr\u017eby, technick\u00fdch aktualiz\u00e1ci\u00ed a politick\u00e9ho vplyvu.<\/p>\n<p>V\u00fdrobcovia vojenskej techniky si \u010dasto vyhradzuj\u00fa pr\u00e1vo rozhodova\u0165 o pou\u017e\u00edvan\u00ed svojich v\u00fdrobkov, \u010domu by sa Nemecko rado vyhlo. Suver\u00e9nny lodiarsky priemysel je preto strategickou s\u00fa\u010das\u0165ou n\u00e1rodnej bezpe\u010dnosti.<\/p>\n<h2>Nemeck\u00fd lodiarsky priemysel v skratke<\/h2>\n<p>Tento sektor charakterizuj\u00fa najm\u00e4 dva faktory:<\/p>\n<p><strong>1. celosvetov\u00fd l\u00edder v oblasti \u0161pecializovanej stavby lod\u00ed:<\/strong><span>\u00a0<\/span>Nemeck\u00e9 lodenice s\u00fa vo svojich segmentoch \u010dasto na prvom mieste. Ka\u017ed\u00fd, kto pl\u00e1nuje postavi\u0165 superjachtu, sa obr\u00e1ti na L\u00fcrssen. V pr\u00edpade inovat\u00edvnych v\u00fdletn\u00fdch lod\u00ed nie je mo\u017en\u00e9 ob\u00eds\u0165 Meyer Werft. A ak potrebujete ultramodern\u00e9 n\u00e1morn\u00e9 plavidl\u00e1, spr\u00e1vnou vo\u013ebou je TKMS.<\/p>\n<p><strong>2. vysok\u00fd tlak na n\u00e1klady v d\u00f4sledku medzin\u00e1rodnej konkurencie:<\/strong><span>\u00a0<\/span>\u00c1zijsk\u00e9 lodenice, najm\u00e4 v \u010c\u00edne a Ju\u017enej K\u00f3rei, profituj\u00fa z ni\u017e\u0161\u00edch n\u00e1kladov, priaznivej\u0161ej infra\u0161trukt\u00fary a obrovsk\u00e9ho objemu v\u00fdroby. V\u00fdsledn\u00e9 \u00faspory z rozsahu takmer znemo\u017e\u0148uj\u00fa konkurova\u0165 na \u0161tandardizovanom masovom trhu. Preto sa Nemecko zameriava na oblasti, v ktor\u00fdch je kvalita d\u00f4le\u017eitej\u0161ia ako cena.<\/p>\n<h2>Z\u00e1ver: Kvalita prekon\u00e1va kvantitu a rob\u00ed Nemecko nenahradite\u013en\u00fdm<\/h2>\n<p>Nemeck\u00fd lodiarsky priemysel je dnes vysoko \u0161pecializovan\u00fd, technologicky ved\u00faci a medzin\u00e1rodne \u017eiadan\u00fd. Prekonal kr\u00edzu, preto\u017ee sa zameriava na to, \u010do vie najlep\u0161ie:<span>\u00a0<\/span><strong>stavba komplexn\u00fdch, vysokokvalitn\u00fdch a inovat\u00edvnych lod\u00ed.<\/strong>, ktor\u00e9 s\u00fa bezkonkuren\u010dn\u00e9 na celom svete. To znamen\u00e1, \u017ee nemeck\u00e1 lodiarska v\u00fdroba je na\u010falej nielen hospod\u00e1rsky v\u00fdznamn\u00e1, ale aj strategick\u00fdm pilierom bezpe\u010dnosti, technologick\u00e9ho rozvoja a priemyselnej suverenity.<\/p>\n<p>Preh\u013ead najd\u00f4le\u017eitej\u0161\u00edch nemeck\u00fdch loden\u00edc n\u00e1jdete v na\u0161om \u010dl\u00e1nku<span>\u00a0<\/span><a href=\"https:\/\/global-business-recruiting.de\/sk\/poznat\/prehlad-nemeckych-lodenic\/\">Nemeck\u00e9 lodenice v skratke<\/a>. Viac inform\u00e1ci\u00ed o lodiarskych slu\u017eb\u00e1ch a po\u017eiadavk\u00e1ch na kvalifikovan\u00fa pracovn\u00fa silu n\u00e1jdete na<span>\u00a0<\/span><a href=\"https:\/\/global-business-recruiting.de\/sk\/poznat\/lodiarske-sluzby\/\">Slu\u017eby v oblasti stavby lod\u00ed<\/a>.<\/p>\n<h2>\u010casto kladen\u00e9 ot\u00e1zky o nemeckom lodiarskom priemysle<\/h2>\n<\/div><\/div><div class=\"w-separator size_small\"><\/div><div class=\"w-tabs style_default switch_click accordion type_togglable has_scrolling\" style=\"--sections-title-size:inherit\"><div class=\"w-tabs-sections titles-align_none icon_chevron cpos_right\"><div class=\"w-tabs-section\" id=\"hb35\" itemscope itemprop=\"mainEntity\" itemtype=\"https:\/\/schema.org\/Question\"><button class=\"w-tabs-section-header\" aria-controls=\"content-hb35\" aria-expanded=\"false\"><div class=\"w-tabs-section-title\" itemprop=\"name\">Pre\u010do je Nemecko konkurencieschopn\u00e9 v lodiarstve napriek vysok\u00fdm n\u00e1kladom?<\/div><div class=\"w-tabs-section-control\"><\/div><\/button><div  class=\"w-tabs-section-content\" id=\"content-hb35\" itemscope itemprop=\"acceptedAnswer\" itemtype=\"https:\/\/schema.org\/Answer\"><div class=\"w-tabs-section-content-h i-cf\" itemprop=\"text\"><div class=\"wpb_text_column\"><div class=\"wpb_wrapper\"><p>Nemecko nekonkuruje na \u0161tandardizovanom masovom trhu, kde dominuj\u00fa \u010c\u00edna a Ju\u017en\u00e1 K\u00f3rea s ni\u017e\u0161\u00edmi n\u00e1kladmi a ve\u013ek\u00fdm objemom v\u00fdroby. Nemeck\u00e9 lodenice sa \u0161pecializuj\u00fa na komplexn\u00e9 \u0161peci\u00e1lne lode, ako s\u00fa v\u00fdletn\u00e9 lode, luxusn\u00e9 jachty a vojensk\u00e9 lode, kde s\u00fa kvalita, inov\u00e1cia a spo\u013eahlivos\u0165 d\u00f4le\u017eitej\u0161ie ako cena.<\/p>\n<\/div><\/div><\/div><\/div><\/div><div class=\"w-tabs-section\" id=\"fc08\" itemscope itemprop=\"mainEntity\" itemtype=\"https:\/\/schema.org\/Question\"><button class=\"w-tabs-section-header\" aria-controls=\"content-fc08\" aria-expanded=\"false\"><div class=\"w-tabs-section-title\" itemprop=\"name\">Ktor\u00e9 nemeck\u00e9 lodenice s\u00fa medzin\u00e1rodn\u00fdmi l\u00eddrami?<\/div><div class=\"w-tabs-section-control\"><\/div><\/button><div  class=\"w-tabs-section-content\" id=\"content-fc08\" itemscope itemprop=\"acceptedAnswer\" itemtype=\"https:\/\/schema.org\/Answer\"><div class=\"w-tabs-section-content-h i-cf\" itemprop=\"text\"><div class=\"wpb_text_column\"><div class=\"wpb_wrapper\"><p>Spolo\u010dnos\u0165 Meyer Werft je l\u00eddrom v oblasti v\u00fdstavby v\u00fdletn\u00fdch lod\u00ed, skupina L\u00fcrssen\/NVL v oblasti superjacht a n\u00e1morn\u00fdch plavidiel, spolo\u010dnos\u0165 Thyssenkrupp Marine Systems (TKMS) v oblasti ultramodern\u00fdch ponoriek a n\u00e1morn\u00fdch plavidiel. Okrem toho existuje \u0161irok\u00e1 stredn\u00e1 trieda \u0161pecializovan\u00fdch rodinn\u00fdch loden\u00edc.<\/p>\n<\/div><\/div><\/div><\/div><\/div><div class=\"w-tabs-section\" id=\"ecda\" itemscope itemprop=\"mainEntity\" itemtype=\"https:\/\/schema.org\/Question\"><button class=\"w-tabs-section-header\" aria-controls=\"content-ecda\" aria-expanded=\"false\"><div class=\"w-tabs-section-title\" itemprop=\"name\">Ak\u00fd v\u00fdznam m\u00e1 nemeck\u00fd lodiarsky priemysel z h\u013eadiska bezpe\u010dnostnej politiky?<\/div><div class=\"w-tabs-section-control\"><\/div><\/button><div  class=\"w-tabs-section-content\" id=\"content-ecda\" itemscope itemprop=\"acceptedAnswer\" itemtype=\"https:\/\/schema.org\/Answer\"><div class=\"w-tabs-section-content-h i-cf\" itemprop=\"text\"><div class=\"wpb_text_column\"><div class=\"wpb_wrapper\"><p>N\u00e1rodn\u00fd lodiarsky priemysel m\u00e1 z\u00e1sadn\u00fd v\u00fdznam pre nez\u00e1vislos\u0165 n\u00e1morn\u00edctva Bundeswehru. Ak by sa vojensk\u00e9 lode stavali v zahrani\u010d\u00ed, vznikla by z\u00e1vislos\u0165 v oblasti n\u00e1hradn\u00fdch dielov, \u00fadr\u017eby a technickej aktualiz\u00e1cie. Okrem toho si zahrani\u010dn\u00ed v\u00fdrobcovia \u010dasto ponech\u00e1vaj\u00fa pr\u00e1vo rozhodova\u0165 o pou\u017e\u00edvan\u00ed svojich obrann\u00fdch v\u00fdrobkov.<\/p>\n<\/div><\/div><\/div><\/div><\/div><div class=\"w-tabs-section\" id=\"gda7\" itemscope itemprop=\"mainEntity\" itemtype=\"https:\/\/schema.org\/Question\"><button class=\"w-tabs-section-header\" aria-controls=\"content-gda7\" aria-expanded=\"false\"><div class=\"w-tabs-section-title\" itemprop=\"name\">Ako sa vyv\u00edjal nemeck\u00fd lodiarsky priemysel od kr\u00edzy?<\/div><div class=\"w-tabs-section-control\"><\/div><\/button><div  class=\"w-tabs-section-content\" id=\"content-gda7\" itemscope itemprop=\"acceptedAnswer\" itemtype=\"https:\/\/schema.org\/Answer\"><div class=\"w-tabs-section-content-h i-cf\" itemprop=\"text\"><div class=\"wpb_text_column\"><div class=\"wpb_wrapper\"><p>Po \u0165a\u017ekej f\u00e1ze sp\u00f4sobenej nadbyto\u010dnou kapacitou a pandemick\u00fdm prepadom svetov\u00e9ho obchodu za\u017e\u00edva toto odvetvie v\u00fdrazn\u00fd vzostup. Glob\u00e1lny obchod sa o\u017eivuje, dopyt po lodnej kapacite sa zvy\u0161uje a nemeck\u00e9 lodenice maj\u00fa pln\u00e9 objedn\u00e1vky - najm\u00e4 v \u0161pecializovanom lodiarskom sektore.<\/p>\n<\/div><\/div><\/div><\/div><\/div><\/div><\/div><\/div><\/div><\/div><\/div><\/section>","protected":false},"excerpt":{"rendered":"Der Schiffbau geh\u00f6rt seit Jahrzehnten zu den wichtigen Industriezweigen Deutschlands. Das zeigt sich vor allem daran, dass hier Spezialschiffe entstehen, die weltweit gefragt sind \u2013 von imposanten Kreuzfahrtschiffen \u00fcber luxuri\u00f6se Yachten bis hin zu hochmodernen Marineschiffen. Werften wie Meyer Werft, L\u00fcrssen\/NVL Group oder Thyssenkrupp Marine Systems (TKMS) genie\u00dfen international einen exzellenten Ruf. Sie stehen f\u00fcr...","protected":false},"author":1,"featured_media":11169,"parent":9347,"menu_order":0,"comment_status":"closed","ping_status":"closed","template":"","meta":{"_acf_changed":false,"footnotes":""},"class_list":["post-9959","page","type-page","status-publish","has-post-thumbnail","hentry"],"acf":[],"_links":{"self":[{"href":"https:\/\/global-business-recruiting.de\/sk\/wp-json\/wp\/v2\/pages\/9959","targetHints":{"allow":["GET"]}}],"collection":[{"href":"https:\/\/global-business-recruiting.de\/sk\/wp-json\/wp\/v2\/pages"}],"about":[{"href":"https:\/\/global-business-recruiting.de\/sk\/wp-json\/wp\/v2\/types\/page"}],"author":[{"embeddable":true,"href":"https:\/\/global-business-recruiting.de\/sk\/wp-json\/wp\/v2\/users\/1"}],"replies":[{"embeddable":true,"href":"https:\/\/global-business-recruiting.de\/sk\/wp-json\/wp\/v2\/comments?post=9959"}],"version-history":[{"count":9,"href":"https:\/\/global-business-recruiting.de\/sk\/wp-json\/wp\/v2\/pages\/9959\/revisions"}],"predecessor-version":[{"id":11170,"href":"https:\/\/global-business-recruiting.de\/sk\/wp-json\/wp\/v2\/pages\/9959\/revisions\/11170"}],"up":[{"embeddable":true,"href":"https:\/\/global-business-recruiting.de\/sk\/wp-json\/wp\/v2\/pages\/9347"}],"wp:featuredmedia":[{"embeddable":true,"href":"https:\/\/global-business-recruiting.de\/sk\/wp-json\/wp\/v2\/media\/11169"}],"wp:attachment":[{"href":"https:\/\/global-business-recruiting.de\/sk\/wp-json\/wp\/v2\/media?parent=9959"}],"curies":[{"name":"wp","href":"https:\/\/api.w.org\/{rel}","templated":true}]}}